{"id":19376,"date":"2025-07-28T11:18:32","date_gmt":"2025-07-28T11:18:32","guid":{"rendered":"https:\/\/masterlab-tex.com\/?post_type=product&#038;p=19376"},"modified":"2025-07-28T11:18:32","modified_gmt":"2025-07-28T11:18:32","slug":"tf118-fabric-drape-tester","status":"publish","type":"product","link":"https:\/\/masterlab-tex.com\/ar\/product\/tf118-fabric-drape-tester\/","title":{"rendered":"TF118 Fabric Drape Tester"},"content":{"rendered":"<p>TF118 Fabric Drape Tester<br \/>\nFunction: Measures fabric drape coefficient using image processing technology.<br \/>\nFeatures:<\/p>\n<p>CCD imaging system, dynamic\/static image processing.<\/p>\n<p>Tests all sample colors without background changes.<\/p>\n<p>Multiple data statistics, storage, and output of results.<\/p>\n<p>Standard value<br \/>\nCoefficient range: 0~100% (\u00b11.5 accuracy)<br \/>\nSpecimen disc diameter: \u03a6120 mm (\u03a6180\/300\/360 mm optional)<br \/>\nRotation speed: 10~120 rpm<br \/>\nStandards: GB\/T 23329 Method B, ISO 9073-9<br \/>\nPower: 220 V, 50 Hz, 120 W<br \/>\nGross weight: 170 kg<br \/>\nDimensions (L\u00d7W\u00d7H): 870\u00d7850\u00d7177 mm<\/p>\n","protected":false},"excerpt":{"rendered":"<p>TF118 Fabric Drape Tester Function: Measures fabric drape coefficient using image processing technology. Features: CCD imaging system, dynamic\/static image processing.<\/p>\n","protected":false},"featured_media":0,"template":"","meta":{"_joinchat":[]},"product_brand":[],"product_cat":[79],"product_tag":[211],"class_list":{"0":"post-19376","1":"product","2":"type-product","3":"status-publish","5":"product_cat-testex","6":"product_tag-fabric-drape-tester","8":"first","9":"instock","10":"shipping-taxable","11":"product-type-simple"},"aioseo_notices":[],"_links":{"self":[{"href":"https:\/\/masterlab-tex.com\/ar\/wp-json\/wp\/v2\/product\/19376","targetHints":{"allow":["GET"]}}],"collection":[{"href":"https:\/\/masterlab-tex.com\/ar\/wp-json\/wp\/v2\/product"}],"about":[{"href":"https:\/\/masterlab-tex.com\/ar\/wp-json\/wp\/v2\/types\/product"}],"version-history":[{"count":1,"href":"https:\/\/masterlab-tex.com\/ar\/wp-json\/wp\/v2\/product\/19376\/revisions"}],"predecessor-version":[{"id":19381,"href":"https:\/\/masterlab-tex.com\/ar\/wp-json\/wp\/v2\/product\/19376\/revisions\/19381"}],"wp:attachment":[{"href":"https:\/\/masterlab-tex.com\/ar\/wp-json\/wp\/v2\/media?parent=19376"}],"wp:term":[{"taxonomy":"product_brand","embeddable":true,"href":"https:\/\/masterlab-tex.com\/ar\/wp-json\/wp\/v2\/product_brand?post=19376"},{"taxonomy":"product_cat","embeddable":true,"href":"https:\/\/masterlab-tex.com\/ar\/wp-json\/wp\/v2\/product_cat?post=19376"},{"taxonomy":"product_tag","embeddable":true,"href":"https:\/\/masterlab-tex.com\/ar\/wp-json\/wp\/v2\/product_tag?post=19376"}],"curies":[{"name":"wp","href":"https:\/\/api.w.org\/{rel}","templated":true}]}}